{"id":2174,"date":"2022-05-02T08:00:10","date_gmt":"2022-05-02T08:00:10","guid":{"rendered":"https:\/\/www.impor4mill.pt\/?page_id=2174"},"modified":"2023-06-06T15:33:07","modified_gmt":"2023-06-06T14:33:07","slug":"pedido-de-orcamento","status":"publish","type":"page","link":"https:\/\/www.impor4mill.pt\/en\/pedido-de-orcamento\/","title":{"rendered":"Pedido de Or\u00e7amento"},"content":{"rendered":"\t\t<div data-elementor-type=\"wp-post\" data-elementor-id=\"2174\" class=\"elementor elementor-2174\" data-elementor-post-type=\"page\">\n\t\t\t\t\t\t<section class=\"elementor-section elementor-top-section elementor-element elementor-element-7116a5b2 elementor-section-height-min-height elementor-section-boxed elementor-section-height-default elementor-section-items-middle\" data-id=\"7116a5b2\" data-element_type=\"section\" data-e-type=\"section\" data-settings=\"{&quot;background_background&quot;:&quot;video&quot;,&quot;background_video_link&quot;:&quot;https:\\\/\\\/www.impor4mill.pt\\\/wp-content\\\/uploads\\\/2022\\\/03\\\/broca.mp4&quot;}\">\n\t\t\t\t\t\t\t\t<div class=\"elementor-background-video-container elementor-hidden-mobile\">\n\t\t\t\t\t\t\t\t\t\t\t\t\t<video class=\"elementor-background-video-hosted\" role=\"presentation\" autoplay muted playsinline loop><\/video>\n\t\t\t\t\t\t\t\t\t\t\t<\/div>\n\t\t\t\t\t\t\t\t\t<div class=\"elementor-background-overlay\"><\/div>\n\t\t\t\t\t\t\t<div class=\"elementor-container elementor-column-gap-no\">\n\t\t\t\t\t<div class=\"elementor-column elementor-col-100 elementor-top-column elementor-element elementor-element-6439be06\" data-id=\"6439be06\" data-element_type=\"column\" data-e-type=\"column\" data-settings=\"{&quot;background_background&quot;:&quot;classic&quot;}\">\n\t\t\t<div class=\"elementor-widget-wrap elementor-element-populated\">\n\t\t\t\t\t\t<div class=\"elementor-element elementor-element-198df6ee elementor-widget elementor-widget-heading\" data-id=\"198df6ee\" data-element_type=\"widget\" data-e-type=\"widget\" data-widget_type=\"heading.default\">\n\t\t\t\t<div class=\"elementor-widget-container\">\n\t\t\t\t\t<h1 class=\"elementor-heading-title elementor-size-default\">Pedido de Or\u00e7amento<\/h1>\t\t\t\t<\/div>\n\t\t\t\t<\/div>\n\t\t\t\t\t<\/div>\n\t\t<\/div>\n\t\t\t\t\t<\/div>\n\t\t<\/section>\n\t\t\t\t<section class=\"elementor-section elementor-top-section elementor-element elementor-element-9f64ccb elementor-section-boxed elementor-section-height-default elementor-section-height-default\" data-id=\"9f64ccb\" data-element_type=\"section\" data-e-type=\"section\">\n\t\t\t\t\t\t<div class=\"elementor-container elementor-column-gap-default\">\n\t\t\t\t\t<div class=\"elementor-column elementor-col-100 elementor-top-column elementor-element elementor-element-2633665\" data-id=\"2633665\" data-element_type=\"column\" data-e-type=\"column\">\n\t\t\t<div class=\"elementor-widget-wrap elementor-element-populated\">\n\t\t\t\t\t\t<div class=\"elementor-element elementor-element-32b4a36 elementor-button-align-stretch elementor-widget elementor-widget-form\" data-id=\"32b4a36\" data-element_type=\"widget\" data-e-type=\"widget\" data-settings=\"{&quot;step_next_label&quot;:&quot;Next&quot;,&quot;step_previous_label&quot;:&quot;Previous&quot;,&quot;button_width&quot;:&quot;100&quot;,&quot;step_type&quot;:&quot;number_text&quot;,&quot;step_icon_shape&quot;:&quot;circle&quot;}\" data-widget_type=\"form.default\">\n\t\t\t\t<div class=\"elementor-widget-container\">\n\t\t\t\t\t\t\t<form class=\"elementor-form\" method=\"post\" name=\"Pedido de Or\u00e7amento\" aria-label=\"Pedido de Or\u00e7amento\">\n\t\t\t<input type=\"hidden\" name=\"post_id\" value=\"2174\"\/>\n\t\t\t<input type=\"hidden\" name=\"form_id\" value=\"32b4a36\"\/>\n\t\t\t<input type=\"hidden\" name=\"referer_title\" value=\"Impor4mill\" \/>\n\n\t\t\t\n\t\t\t<div class=\"elementor-form-fields-wrapper elementor-labels-above\">\n\t\t\t\t\t\t\t\t<div class=\"elementor-field-type-text elementor-field-group elementor-column elementor-field-group-name elementor-col-50 elementor-field-required\">\n\t\t\t\t\t\t\t\t\t\t\t\t<label for=\"form-field-name\" class=\"elementor-field-label\">\n\t\t\t\t\t\t\t\tNome\t\t\t\t\t\t\t<\/label>\n\t\t\t\t\t\t\t\t\t\t\t\t\t\t<input size=\"1\" type=\"text\" name=\"form_fields[name]\" id=\"form-field-name\" class=\"elementor-field elementor-size-sm  elementor-field-textual\" required=\"required\">\n\t\t\t\t\t\t\t\t\t\t\t<\/div>\n\t\t\t\t\t\t\t\t<div class=\"elementor-field-type-text elementor-field-group elementor-column elementor-field-group-cargo elementor-col-50 elementor-field-required\">\n\t\t\t\t\t\t\t\t\t\t\t\t<label for=\"form-field-cargo\" class=\"elementor-field-label\">\n\t\t\t\t\t\t\t\tCargo\t\t\t\t\t\t\t<\/label>\n\t\t\t\t\t\t\t\t\t\t\t\t\t\t<input size=\"1\" type=\"text\" name=\"form_fields[cargo]\" id=\"form-field-cargo\" class=\"elementor-field elementor-size-sm  elementor-field-textual\" required=\"required\">\n\t\t\t\t\t\t\t\t\t\t\t<\/div>\n\t\t\t\t\t\t\t\t<div class=\"elementor-field-type-text elementor-field-group elementor-column elementor-field-group-empresa elementor-col-50 elementor-field-required\">\n\t\t\t\t\t\t\t\t\t\t\t\t<label for=\"form-field-empresa\" class=\"elementor-field-label\">\n\t\t\t\t\t\t\t\tEmpresa\t\t\t\t\t\t\t<\/label>\n\t\t\t\t\t\t\t\t\t\t\t\t\t\t<input size=\"1\" type=\"text\" name=\"form_fields[empresa]\" id=\"form-field-empresa\" class=\"elementor-field elementor-size-sm  elementor-field-textual\" required=\"required\">\n\t\t\t\t\t\t\t\t\t\t\t<\/div>\n\t\t\t\t\t\t\t\t<div class=\"elementor-field-type-text elementor-field-group elementor-column elementor-field-group-localidade elementor-col-50 elementor-field-required\">\n\t\t\t\t\t\t\t\t\t\t\t\t<label for=\"form-field-localidade\" class=\"elementor-field-label\">\n\t\t\t\t\t\t\t\tLocalidade\t\t\t\t\t\t\t<\/label>\n\t\t\t\t\t\t\t\t\t\t\t\t\t\t<input size=\"1\" type=\"text\" name=\"form_fields[localidade]\" id=\"form-field-localidade\" class=\"elementor-field elementor-size-sm  elementor-field-textual\" required=\"required\">\n\t\t\t\t\t\t\t\t\t\t\t<\/div>\n\t\t\t\t\t\t\t\t<div class=\"elementor-field-type-tel elementor-field-group elementor-column elementor-field-group-telephone elementor-col-50 elementor-field-required\">\n\t\t\t\t\t\t\t\t\t\t\t\t<label for=\"form-field-telephone\" class=\"elementor-field-label\">\n\t\t\t\t\t\t\t\tTelem\u00f3vel\t\t\t\t\t\t\t<\/label>\n\t\t\t\t\t\t\t\t<input size=\"1\" type=\"tel\" name=\"form_fields[telephone]\" id=\"form-field-telephone\" class=\"elementor-field elementor-size-sm  elementor-field-textual\" required=\"required\" pattern=\"[0-9()#&amp;+*-=.]+\" title=\"Only numbers and phone characters (#, -, *, etc) are accepted.\">\n\n\t\t\t\t\t\t<\/div>\n\t\t\t\t\t\t\t\t<div class=\"elementor-field-type-email elementor-field-group elementor-column elementor-field-group-email elementor-col-50 elementor-field-required\">\n\t\t\t\t\t\t\t\t\t\t\t\t<label for=\"form-field-email\" class=\"elementor-field-label\">\n\t\t\t\t\t\t\t\tEmail\t\t\t\t\t\t\t<\/label>\n\t\t\t\t\t\t\t\t\t\t\t\t\t\t<input size=\"1\" type=\"email\" name=\"form_fields[email]\" id=\"form-field-email\" class=\"elementor-field elementor-size-sm  elementor-field-textual\" required=\"required\">\n\t\t\t\t\t\t\t\t\t\t\t<\/div>\n\t\t\t\t\t\t\t\t<div class=\"elementor-field-type-select elementor-field-group elementor-column elementor-field-group-field_d210edb elementor-col-50\">\n\t\t\t\t\t\t\t\t\t\t\t\t<label for=\"form-field-field_d210edb\" class=\"elementor-field-label\">\n\t\t\t\t\t\t\t\tProduto\t\t\t\t\t\t\t<\/label>\n\t\t\t\t\t\t\t\t<div class=\"elementor-field elementor-select-wrapper remove-before \">\n\t\t\t<div class=\"select-caret-down-wrapper\">\n\t\t\t\t<svg aria-hidden=\"true\" class=\"e-font-icon-svg e-eicon-caret-down\" viewBox=\"0 0 571.4 571.4\" xmlns=\"http:\/\/www.w3.org\/2000\/svg\"><path d=\"M571 393Q571 407 561 418L311 668Q300 679 286 679T261 668L11 418Q0 407 0 393T11 368 36 357H536Q550 357 561 368T571 393Z\"><\/path><\/svg>\t\t\t<\/div>\n\t\t\t<select name=\"form_fields[field_d210edb]\" id=\"form-field-field_d210edb\" class=\"elementor-field-textual elementor-size-sm\">\n\t\t\t\t\t\t\t\t\t<option value=\"Aparelhos de accionamento\">Aparelhos de accionamento<\/option>\n\t\t\t\t\t\t\t\t\t<option value=\"Fresas de metal duro\">Fresas de metal duro<\/option>\n\t\t\t\t\t\t\t\t\t<option value=\"Limas diamantadas\">Limas diamantadas<\/option>\n\t\t\t\t\t\t\t\t\t<option value=\"M\u00f3s montadas\">M\u00f3s montadas<\/option>\n\t\t\t\t\t\t\t\t\t<option value=\"Fresas\">Fresas<\/option>\n\t\t\t\t\t\t\t\t\t<option value=\"Plaquetes para fresagem\">Plaquetes para fresagem<\/option>\n\t\t\t\t\t\t\t\t\t<option value=\"Rocas\/Ferros\">Rocas\/Ferros<\/option>\n\t\t\t\t\t\t\t\t\t<option value=\"Brocas canh\u00e3o\">Brocas canh\u00e3o<\/option>\n\t\t\t\t\t\t\t\t\t<option value=\"Brocas de metal duro\">Brocas de metal duro<\/option>\n\t\t\t\t\t\t\t\t\t<option value=\"Brocas HSS\">Brocas HSS<\/option>\n\t\t\t\t\t\t\t\t\t<option value=\"Brocas pastilhadas\">Brocas pastilhadas<\/option>\n\t\t\t\t\t\t\t\t\t<option value=\"Mandris\">Mandris<\/option>\n\t\t\t\t\t\t\t\t\t<option value=\"Plaquetes para fura\u00e7\u00e3o\">Plaquetes para fura\u00e7\u00e3o<\/option>\n\t\t\t\t\t\t\t\t\t<option value=\"Medidores de dureza\">Medidores de dureza<\/option>\n\t\t\t\t\t\t\t\t\t<option value=\"Olhais\">Olhais<\/option>\n\t\t\t\t\t\t\t\t\t<option value=\"Cabe\u00e7as e adaptadores de roscar\">Cabe\u00e7as e adaptadores de roscar<\/option>\n\t\t\t\t\t\t\t\t\t<option value=\"Fresas de roscar\">Fresas de roscar<\/option>\n\t\t\t\t\t\t\t\t\t<option value=\"Machos\">Machos<\/option>\n\t\t\t\t\t\t\t\t\t<option value=\"Plaquetes para roscagem\">Plaquetes para roscagem<\/option>\n\t\t\t\t\t\t\t\t\t<option value=\"Alongadores\">Alongadores<\/option>\n\t\t\t\t\t\t\t\t\t<option value=\"Cones e centradores\">Cones e centradores<\/option>\n\t\t\t\t\t\t\t\t\t<option value=\"Pin\u00e7as e chaves\">Pin\u00e7as e chaves<\/option>\n\t\t\t\t\t\t\t\t\t<option value=\"Plaquetes para torneamento\">Plaquetes para torneamento<\/option>\n\t\t\t\t\t\t\t\t\t<option value=\"Pontos rotativos\">Pontos rotativos<\/option>\n\t\t\t\t\t\t\t\t\t<option value=\"Suportes para tornear\">Suportes para tornear<\/option>\n\t\t\t\t\t\t\t<\/select>\n\t\t<\/div>\n\t\t\t\t\t\t<\/div>\n\t\t\t\t\t\t\t\t<div class=\"elementor-field-type-number elementor-field-group elementor-column elementor-field-group-quantidade elementor-col-50\">\n\t\t\t\t\t\t\t\t\t\t\t\t<label for=\"form-field-quantidade\" class=\"elementor-field-label\">\n\t\t\t\t\t\t\t\tQuantidade\t\t\t\t\t\t\t<\/label>\n\t\t\t\t\t\t\t\t\t<input type=\"number\" name=\"form_fields[quantidade]\" id=\"form-field-quantidade\" class=\"elementor-field elementor-size-sm  elementor-field-textual\" min=\"0\" max=\"\" >\n\t\t\t\t\t\t<\/div>\n\t\t\t\t\t\t\t\t<div class=\"elementor-field-type-textarea elementor-field-group elementor-column elementor-field-group-message elementor-col-100\">\n\t\t\t\t\t\t\t\t\t\t\t\t<label for=\"form-field-message\" class=\"elementor-field-label\">\n\t\t\t\t\t\t\t\tMensagem\t\t\t\t\t\t\t<\/label>\n\t\t\t\t\t\t<textarea class=\"elementor-field-textual elementor-field  elementor-size-sm\" name=\"form_fields[message]\" id=\"form-field-message\" rows=\"4\"><\/textarea>\t\t\t\t<\/div>\n\t\t\t\t\t\t\t\t<div class=\"elementor-field-type-acceptance elementor-field-group elementor-column elementor-field-group-field_1c4dca5 elementor-col-100 elementor-field-required\">\n\t\t\t\t\t\t\t<div class=\"elementor-field-subgroup\">\n\t\t\t<span class=\"elementor-field-option\">\n\t\t\t\t<input type=\"checkbox\" name=\"form_fields[field_1c4dca5]\" id=\"form-field-field_1c4dca5\" class=\"elementor-field elementor-size-sm  elementor-acceptance-field\" required=\"required\">\n\t\t\t\t<label for=\"form-field-field_1c4dca5\">Eu aceito os termos e condi\u00e7\u00f5es.<\/label>\t\t\t<\/span>\n\t\t<\/div>\n\t\t\t\t\t\t<\/div>\n\t\t\t\t\t\t\t\t<div class=\"elementor-field-group elementor-column elementor-field-type-submit elementor-col-100 e-form__buttons\">\n\t\t\t\t\t<button class=\"elementor-button elementor-size-sm\" type=\"submit\">\n\t\t\t\t\t\t<span class=\"elementor-button-content-wrapper\">\n\t\t\t\t\t\t\t\t\t\t\t\t\t\t\t\t\t\t\t\t\t\t<span class=\"elementor-button-text\">Enviar<\/span>\n\t\t\t\t\t\t\t\t\t\t\t\t\t<\/span>\n\t\t\t\t\t<\/button>\n\t\t\t\t<\/div>\n\t\t\t<\/div>\n\t\t<\/form>\n\t\t\t\t\t\t<\/div>\n\t\t\t\t<\/div>\n\t\t\t\t\t<\/div>\n\t\t<\/div>\n\t\t\t\t\t<\/div>\n\t\t<\/section>\n\t\t\t\t<\/div>\n\t\t","protected":false},"excerpt":{"rendered":"<p>Pedido de Or\u00e7amento<\/p>","protected":false},"author":1,"featured_media":0,"parent":0,"menu_order":0,"comment_status":"closed","ping_status":"closed","template":"","meta":{"_eb_attr":"","site-sidebar-layout":"no-sidebar","site-content-layout":"page-builder","ast-site-content-layout":"default","site-content-style":"default","site-sidebar-style":"default","ast-global-header-display":"","ast-banner-title-visibility":"","ast-main-header-display":"","ast-hfb-above-header-display":"","ast-hfb-below-header-display":"","ast-hfb-mobile-header-display":"","site-post-title":"disabled","ast-breadcrumbs-content":"","ast-featured-img":"disabled","footer-sml-layout":"","theme-transparent-header-meta":"enabled","adv-header-id-meta":"","stick-header-meta":"","header-above-stick-meta":"","header-main-stick-meta":"","header-below-stick-meta":"","astra-migrate-meta-layouts":"default","ast-page-background-enabled":"default","ast-page-background-meta":{"desktop":{"background-color":"","background-image":"","background-repeat":"repeat","background-position":"center center","background-size":"auto","background-attachment":"scroll","background-type":"","background-media":"","overlay-type":"","overlay-color":"","overlay-opacity":"","overlay-gradient":""},"tablet":{"background-color":"","background-image":"","background-repeat":"repeat","background-position":"center center","background-size":"auto","background-attachment":"scroll","background-type":"","background-media":"","overlay-type":"","overlay-color":"","overlay-opacity":"","overlay-gradient":""},"mobile":{"background-color":"","background-image":"","background-repeat":"repeat","background-position":"center center","background-size":"auto","background-attachment":"scroll","background-type":"","background-media":"","overlay-type":"","overlay-color":"","overlay-opacity":"","overlay-gradient":""}},"ast-content-background-meta":{"desktop":{"background-color":"var(--ast-global-color-5)","background-image":"","background-repeat":"repeat","background-position":"center center","background-size":"auto","background-attachment":"scroll","background-type":"","background-media":"","overlay-type":"","overlay-color":"","overlay-opacity":"","overlay-gradient":""},"tablet":{"background-color":"var(--ast-global-color-5)","background-image":"","background-repeat":"repeat","background-position":"center center","background-size":"auto","background-attachment":"scroll","background-type":"","background-media":"","overlay-type":"","overlay-color":"","overlay-opacity":"","overlay-gradient":""},"mobile":{"background-color":"var(--ast-global-color-5)","background-image":"","background-repeat":"repeat","background-position":"center center","background-size":"auto","background-attachment":"scroll","background-type":"","background-media":"","overlay-type":"","overlay-color":"","overlay-opacity":"","overlay-gradient":""}},"_joinchat":[],"footnotes":""},"class_list":["post-2174","page","type-page","status-publish","hentry"],"yoast_head":"<!-- This site is optimized with the Yoast SEO plugin v27.4 - https:\/\/yoast.com\/product\/yoast-seo-wordpress\/ -->\n<title>Pedido de Or\u00e7amento - Impor4mill Impor4mill %<\/title>\n<meta name=\"robots\" content=\"index, follow, max-snippet:-1, max-image-preview:large, max-video-preview:-1\" \/>\n<link rel=\"canonical\" href=\"https:\/\/www.impor4mill.pt\/en\/pedido-de-orcamento\/\" \/>\n<meta property=\"og:locale\" content=\"en_US\" \/>\n<meta property=\"og:type\" content=\"article\" \/>\n<meta property=\"og:title\" content=\"Pedido de Or\u00e7amento - Impor4mill Impor4mill %\" \/>\n<meta property=\"og:description\" content=\"Pedido de Or\u00e7amento\" \/>\n<meta property=\"og:url\" content=\"https:\/\/www.impor4mill.pt\/en\/pedido-de-orcamento\/\" \/>\n<meta property=\"og:site_name\" content=\"Impor4mill\" \/>\n<meta property=\"article:publisher\" content=\"https:\/\/www.facebook.com\/Impor4Mill\" \/>\n<meta property=\"article:modified_time\" content=\"2023-06-06T14:33:07+00:00\" \/>\n<meta name=\"twitter:card\" content=\"summary_large_image\" \/>\n<meta name=\"twitter:label1\" content=\"Est. reading time\" \/>\n\t<meta name=\"twitter:data1\" content=\"1 minute\" \/>\n<script type=\"application\/ld+json\" class=\"yoast-schema-graph\">{\"@context\":\"https:\\\/\\\/schema.org\",\"@graph\":[{\"@type\":\"WebPage\",\"@id\":\"https:\\\/\\\/www.impor4mill.pt\\\/pedido-de-orcamento\\\/\",\"url\":\"https:\\\/\\\/www.impor4mill.pt\\\/pedido-de-orcamento\\\/\",\"name\":\"Pedido de Or\u00e7amento - Impor4mill Impor4mill %\",\"isPartOf\":{\"@id\":\"https:\\\/\\\/www.impor4mill.pt\\\/#website\"},\"datePublished\":\"2022-05-02T08:00:10+00:00\",\"dateModified\":\"2023-06-06T14:33:07+00:00\",\"breadcrumb\":{\"@id\":\"https:\\\/\\\/www.impor4mill.pt\\\/pedido-de-orcamento\\\/#breadcrumb\"},\"inLanguage\":\"en-US\",\"potentialAction\":[{\"@type\":\"ReadAction\",\"target\":[\"https:\\\/\\\/www.impor4mill.pt\\\/pedido-de-orcamento\\\/\"]}]},{\"@type\":\"BreadcrumbList\",\"@id\":\"https:\\\/\\\/www.impor4mill.pt\\\/pedido-de-orcamento\\\/#breadcrumb\",\"itemListElement\":[{\"@type\":\"ListItem\",\"position\":1,\"name\":\"Solu\u00e7\u00f5es Industriais\",\"item\":\"https:\\\/\\\/www.impor4mill.pt\\\/\"},{\"@type\":\"ListItem\",\"position\":2,\"name\":\"Pedido de Or\u00e7amento\"}]},{\"@type\":\"WebSite\",\"@id\":\"https:\\\/\\\/www.impor4mill.pt\\\/#website\",\"url\":\"https:\\\/\\\/www.impor4mill.pt\\\/\",\"name\":\"Impor4Mill - Solu\u00e7\u00f5es Industriais\",\"description\":\"Solu\u00e7\u00f5es Industriais\",\"publisher\":{\"@id\":\"https:\\\/\\\/www.impor4mill.pt\\\/#organization\"},\"potentialAction\":[{\"@type\":\"SearchAction\",\"target\":{\"@type\":\"EntryPoint\",\"urlTemplate\":\"https:\\\/\\\/www.impor4mill.pt\\\/?s={search_term_string}\"},\"query-input\":{\"@type\":\"PropertyValueSpecification\",\"valueRequired\":true,\"valueName\":\"search_term_string\"}}],\"inLanguage\":\"en-US\"},{\"@type\":\"Organization\",\"@id\":\"https:\\\/\\\/www.impor4mill.pt\\\/#organization\",\"name\":\"Impor4Mill\",\"alternateName\":\"Impor4mill Solu\u00e7\u00f5es industriais\",\"url\":\"https:\\\/\\\/www.impor4mill.pt\\\/\",\"logo\":{\"@type\":\"ImageObject\",\"inLanguage\":\"en-US\",\"@id\":\"https:\\\/\\\/www.impor4mill.pt\\\/#\\\/schema\\\/logo\\\/image\\\/\",\"url\":\"https:\\\/\\\/www.impor4mill.pt\\\/wp-content\\\/uploads\\\/2021\\\/11\\\/Impor4mill_logo.png\",\"contentUrl\":\"https:\\\/\\\/www.impor4mill.pt\\\/wp-content\\\/uploads\\\/2021\\\/11\\\/Impor4mill_logo.png\",\"width\":886,\"height\":291,\"caption\":\"Impor4Mill\"},\"image\":{\"@id\":\"https:\\\/\\\/www.impor4mill.pt\\\/#\\\/schema\\\/logo\\\/image\\\/\"},\"sameAs\":[\"https:\\\/\\\/www.facebook.com\\\/Impor4Mill\",\"https:\\\/\\\/www.linkedin.com\\\/company\\\/impor4mill-lda\"]}]}<\/script>\n<!-- \/ Yoast SEO plugin. -->","yoast_head_json":{"title":"Pedido de Or\u00e7amento - Impor4mill Impor4mill %","robots":{"index":"index","follow":"follow","max-snippet":"max-snippet:-1","max-image-preview":"max-image-preview:large","max-video-preview":"max-video-preview:-1"},"canonical":"https:\/\/www.impor4mill.pt\/en\/pedido-de-orcamento\/","og_locale":"en_US","og_type":"article","og_title":"Pedido de Or\u00e7amento - Impor4mill Impor4mill %","og_description":"Pedido de Or\u00e7amento","og_url":"https:\/\/www.impor4mill.pt\/en\/pedido-de-orcamento\/","og_site_name":"Impor4mill","article_publisher":"https:\/\/www.facebook.com\/Impor4Mill","article_modified_time":"2023-06-06T14:33:07+00:00","twitter_card":"summary_large_image","twitter_misc":{"Est. reading time":"1 minute"},"schema":{"@context":"https:\/\/schema.org","@graph":[{"@type":"WebPage","@id":"https:\/\/www.impor4mill.pt\/pedido-de-orcamento\/","url":"https:\/\/www.impor4mill.pt\/pedido-de-orcamento\/","name":"Pedido de Or\u00e7amento - Impor4mill Impor4mill %","isPartOf":{"@id":"https:\/\/www.impor4mill.pt\/#website"},"datePublished":"2022-05-02T08:00:10+00:00","dateModified":"2023-06-06T14:33:07+00:00","breadcrumb":{"@id":"https:\/\/www.impor4mill.pt\/pedido-de-orcamento\/#breadcrumb"},"inLanguage":"en-US","potentialAction":[{"@type":"ReadAction","target":["https:\/\/www.impor4mill.pt\/pedido-de-orcamento\/"]}]},{"@type":"BreadcrumbList","@id":"https:\/\/www.impor4mill.pt\/pedido-de-orcamento\/#breadcrumb","itemListElement":[{"@type":"ListItem","position":1,"name":"Solu\u00e7\u00f5es Industriais","item":"https:\/\/www.impor4mill.pt\/"},{"@type":"ListItem","position":2,"name":"Pedido de Or\u00e7amento"}]},{"@type":"WebSite","@id":"https:\/\/www.impor4mill.pt\/#website","url":"https:\/\/www.impor4mill.pt\/","name":"Impor4Mill - Solu\u00e7\u00f5es Industriais","description":"Solu\u00e7\u00f5es Industriais","publisher":{"@id":"https:\/\/www.impor4mill.pt\/#organization"},"potentialAction":[{"@type":"SearchAction","target":{"@type":"EntryPoint","urlTemplate":"https:\/\/www.impor4mill.pt\/?s={search_term_string}"},"query-input":{"@type":"PropertyValueSpecification","valueRequired":true,"valueName":"search_term_string"}}],"inLanguage":"en-US"},{"@type":"Organization","@id":"https:\/\/www.impor4mill.pt\/#organization","name":"Impor4Mill","alternateName":"Impor4mill Solu\u00e7\u00f5es industriais","url":"https:\/\/www.impor4mill.pt\/","logo":{"@type":"ImageObject","inLanguage":"en-US","@id":"https:\/\/www.impor4mill.pt\/#\/schema\/logo\/image\/","url":"https:\/\/www.impor4mill.pt\/wp-content\/uploads\/2021\/11\/Impor4mill_logo.png","contentUrl":"https:\/\/www.impor4mill.pt\/wp-content\/uploads\/2021\/11\/Impor4mill_logo.png","width":886,"height":291,"caption":"Impor4Mill"},"image":{"@id":"https:\/\/www.impor4mill.pt\/#\/schema\/logo\/image\/"},"sameAs":["https:\/\/www.facebook.com\/Impor4Mill","https:\/\/www.linkedin.com\/company\/impor4mill-lda"]}]}},"_links":{"self":[{"href":"https:\/\/www.impor4mill.pt\/en\/wp-json\/wp\/v2\/pages\/2174","targetHints":{"allow":["GET"]}}],"collection":[{"href":"https:\/\/www.impor4mill.pt\/en\/wp-json\/wp\/v2\/pages"}],"about":[{"href":"https:\/\/www.impor4mill.pt\/en\/wp-json\/wp\/v2\/types\/page"}],"author":[{"embeddable":true,"href":"https:\/\/www.impor4mill.pt\/en\/wp-json\/wp\/v2\/users\/1"}],"replies":[{"embeddable":true,"href":"https:\/\/www.impor4mill.pt\/en\/wp-json\/wp\/v2\/comments?post=2174"}],"version-history":[{"count":12,"href":"https:\/\/www.impor4mill.pt\/en\/wp-json\/wp\/v2\/pages\/2174\/revisions"}],"predecessor-version":[{"id":10752,"href":"https:\/\/www.impor4mill.pt\/en\/wp-json\/wp\/v2\/pages\/2174\/revisions\/10752"}],"wp:attachment":[{"href":"https:\/\/www.impor4mill.pt\/en\/wp-json\/wp\/v2\/media?parent=2174"}],"curies":[{"name":"wp","href":"https:\/\/api.w.org\/{rel}","templated":true}]}}