{"id":2282,"date":"2022-02-02T15:16:39","date_gmt":"2022-02-02T15:16:39","guid":{"rendered":"https:\/\/www.impor4mill.pt\/?post_type=product&#038;p=2282"},"modified":"2022-10-11T16:30:29","modified_gmt":"2022-10-11T15:30:29","slug":"air-952","status":"publish","type":"product","link":"https:\/\/www.impor4mill.pt\/en\/product\/air-952\/","title":{"rendered":"AIR-952"},"content":{"rendered":"<div data-elementor-type=\"product-post\" data-elementor-id=\"2282\" class=\"elementor elementor-2282\" data-elementor-post-type=\"product\">\n\t\t\t\t\t\t<section class=\"elementor-section elementor-top-section elementor-element elementor-element-6eed275b elementor-section-boxed elementor-section-height-default elementor-section-height-default\" data-id=\"6eed275b\" data-element_type=\"section\" data-e-type=\"section\">\n\t\t\t\t\t\t<div class=\"elementor-container elementor-column-gap-default\">\n\t\t\t\t\t<div class=\"elementor-column elementor-col-100 elementor-top-column elementor-element elementor-element-284d57aa\" data-id=\"284d57aa\" data-element_type=\"column\" data-e-type=\"column\">\n\t\t\t<div class=\"elementor-widget-wrap elementor-element-populated\">\n\t\t\t\t\t\t<div class=\"elementor-element elementor-element-5d9f4bec elementor-widget elementor-widget-text-editor\" data-id=\"5d9f4bec\" data-element_type=\"widget\" data-e-type=\"widget\" data-widget_type=\"text-editor.default\">\n\t\t\t\t<div class=\"elementor-widget-container\">\n\t\t\t\t\t\t\t\t\tAir grinder AIR-952.\n\nSpeed at 90 psi: 70 000 RPM\nCollet chuck: \u00d83, \u00d81\/8, \u00d82.4 mm\nDimensions: \u00d818x135L\nWeight: 118g\t\t\t\t\t\t\t\t<\/div>\n\t\t\t\t<\/div>\n\t\t\t\t\t<\/div>\n\t\t<\/div>\n\t\t\t\t\t<\/div>\n\t\t<\/section>\n\t\t\t\t<section class=\"elementor-section elementor-top-section elementor-element elementor-element-4033913 elementor-section-boxed elementor-section-height-default elementor-section-height-default\" data-id=\"4033913\" data-element_type=\"section\" data-e-type=\"section\">\n\t\t\t\t\t\t<div class=\"elementor-container elementor-column-gap-default\">\n\t\t\t\t\t<div class=\"elementor-column elementor-col-100 elementor-top-column elementor-element elementor-element-22136ae\" data-id=\"22136ae\" data-element_type=\"column\" data-e-type=\"column\">\n\t\t\t<div class=\"elementor-widget-wrap elementor-element-populated\">\n\t\t\t\t\t\t<div class=\"elementor-element elementor-element-6bf731f elementor-button-warning elementor-widget elementor-widget-button\" data-id=\"6bf731f\" data-element_type=\"widget\" data-e-type=\"widget\" data-widget_type=\"button.default\">\n\t\t\t\t<div class=\"elementor-widget-container\">\n\t\t\t\t\t\t\t\t\t<div class=\"elementor-button-wrapper\">\n\t\t\t\t\t<a class=\"elementor-button elementor-button-link elementor-size-sm\" href=\"https:\/\/www.impor4mill.pt\/wp-content\/uploads\/2022\/09\/Ficha-Dimensional_EN_AIR.pdf\" target=\"_blank\">\n\t\t\t\t\t\t<span class=\"elementor-button-content-wrapper\">\n\t\t\t\t\t\t<span class=\"elementor-button-icon\">\n\t\t\t\t<svg aria-hidden=\"true\" class=\"e-font-icon-svg e-fas-file-pdf\" viewbox=\"0 0 384 512\" xmlns=\"http:\/\/www.w3.org\/2000\/svg\"><path d=\"M181.9 256.1c-5-16-4.9-46.9-2-46.9 8.4 0 7.6 36.9 2 46.9zm-1.7 47.2c-7.7 20.2-17.3 43.3-28.4 62.7 18.3-7 39-17.2 62.9-21.9-12.7-9.6-24.9-23.4-34.5-40.8zM86.1 428.1c0 .8 13.2-5.4 34.9-40.2-6.7 6.3-29.1 24.5-34.9 40.2zM248 160h136v328c0 13.3-10.7 24-24 24H24c-13.3 0-24-10.7-24-24V24C0 10.7 10.7 0 24 0h200v136c0 13.2 10.8 24 24 24zm-8 171.8c-20-12.2-33.3-29-42.7-53.8 4.5-18.5 11.6-46.6 6.2-64.2-4.7-29.4-42.4-26.5-47.8-6.8-5 18.3-.4 44.1 8.1 77-11.6 27.6-28.7 64.6-40.8 85.8-.1 0-.1.1-.2.1-27.1 13.9-73.6 44.5-54.5 68 5.6 6.9 16 10 21.5 10 17.9 0 35.7-18 61.1-61.8 25.8-8.5 54.1-19.1 79-23.2 21.7 11.8 47.1 19.5 64 19.5 29.2 0 31.2-32 19.7-43.4-13.9-13.6-54.3-9.7-73.6-7.2zM377 105L279 7c-4.5-4.5-10.6-7-17-7h-6v128h128v-6.1c0-6.3-2.5-12.4-7-16.9zm-74.1 255.3c4.1-2.7-2.5-11.9-42.8-9 37.1 15.8 42.8 9 42.8 9z\"><\/path><\/svg>\t\t\t<\/span>\n\t\t\t\t\t\t\t\t\t<span class=\"elementor-button-text\">Dimensions<\/span>\n\t\t\t\t\t<\/span>\n\t\t\t\t\t<\/a>\n\t\t\t\t<\/div>\n\t\t\t\t\t\t\t\t<\/div>\n\t\t\t\t<\/div>\n\t\t\t\t\t<\/div>\n\t\t<\/div>\n\t\t\t\t\t<\/div>\n\t\t<\/section>\n\t\t\t\t<\/div>","protected":false},"excerpt":{"rendered":"<p>Aparelho de accionamento AIR-952. Velocidade aos 90 psi: 70 000 RPM Encabadouro: \u00d83, \u00d81\/8, \u00d82.4 mm Dimens\u00f5es: \u00d818x135L Peso: 118g Dimens\u00f5es<\/p>","protected":false},"featured_media":8324,"template":"","meta":{"_eb_attr":"","site-sidebar-layout":"default","site-content-layout":"default","ast-site-content-layout":"default","site-content-style":"default","site-sidebar-style":"default","ast-global-header-display":"","ast-banner-title-visibility":"","ast-main-header-display":"","ast-hfb-above-header-display":"","ast-hfb-below-header-display":"","ast-hfb-mobile-header-display":"","site-post-title":"","ast-breadcrumbs-content":"","ast-featured-img":"","footer-sml-layout":"","theme-transparent-header-meta":"default","adv-header-id-meta":"","stick-header-meta":"","header-above-stick-meta":"","header-main-stick-meta":"","header-below-stick-meta":"","astra-migrate-meta-layouts":"default","ast-page-background-enabled":"default","ast-page-background-meta":{"desktop":{"background-color":"","background-image":"","background-repeat":"repeat","background-position":"center center","background-size":"auto","background-attachment":"scroll","background-type":"","background-media":"","overlay-type":"","overlay-color":"","overlay-opacity":"","overlay-gradient":""},"tablet":{"background-color":"","background-image":"","background-repeat":"repeat","background-position":"center center","background-size":"auto","background-attachment":"scroll","background-type":"","background-media":"","overlay-type":"","overlay-color":"","overlay-opacity":"","overlay-gradient":""},"mobile":{"background-color":"","background-image":"","background-repeat":"repeat","background-position":"center center","background-size":"auto","background-attachment":"scroll","background-type":"","background-media":"","overlay-type":"","overlay-color":"","overlay-opacity":"","overlay-gradient":""}},"ast-content-background-meta":{"desktop":{"background-color":"var(--ast-global-color-5)","background-image":"","background-repeat":"repeat","background-position":"center center","background-size":"auto","background-attachment":"scroll","background-type":"","background-media":"","overlay-type":"","overlay-color":"","overlay-opacity":"","overlay-gradient":""},"tablet":{"background-color":"var(--ast-global-color-5)","background-image":"","background-repeat":"repeat","background-position":"center center","background-size":"auto","background-attachment":"scroll","background-type":"","background-media":"","overlay-type":"","overlay-color":"","overlay-opacity":"","overlay-gradient":""},"mobile":{"background-color":"var(--ast-global-color-5)","background-image":"","background-repeat":"repeat","background-position":"center center","background-size":"auto","background-attachment":"scroll","background-type":"","background-media":"","overlay-type":"","overlay-color":"","overlay-opacity":"","overlay-gradient":""}},"_joinchat":[]},"product_brand":[],"product_cat":[79],"product_tag":[],"class_list":{"0":"post-2282","1":"product","2":"type-product","3":"status-publish","4":"has-post-thumbnail","6":"product_cat-aparelhos-accionamento","7":"desktop-align-left","8":"tablet-align-left","9":"mobile-align-left","11":"first","12":"instock","13":"shipping-taxable","14":"product-type-simple"},"yoast_head":"<!-- This site is optimized with the Yoast SEO plugin v27.4 - https:\/\/yoast.com\/product\/yoast-seo-wordpress\/ -->\n<title>AIR-952 - Impor4mill<\/title>\n<meta name=\"description\" content=\"Aparelho de accionamento AIR-952. Velocidade aos 90 psi: 70 000 RPM Encabadouro: \u00d83, \u00d81\/8, \u00d82.4 mm Dimens\u00f5es: \u00d818x135L Peso: 118g\" \/>\n<meta name=\"robots\" content=\"index, follow, max-snippet:-1, max-image-preview:large, max-video-preview:-1\" \/>\n<link rel=\"canonical\" href=\"https:\/\/www.impor4mill.pt\/en\/product\/air-952\/\" \/>\n<meta property=\"og:locale\" content=\"en_US\" \/>\n<meta property=\"og:type\" content=\"article\" \/>\n<meta property=\"og:title\" content=\"AIR-952 - Impor4mill\" \/>\n<meta property=\"og:description\" content=\"Aparelho de accionamento AIR-952. Velocidade aos 90 psi: 70 000 RPM Encabadouro: \u00d83, \u00d81\/8, \u00d82.4 mm Dimens\u00f5es: \u00d818x135L Peso: 118g\" \/>\n<meta property=\"og:url\" content=\"https:\/\/www.impor4mill.pt\/en\/product\/air-952\/\" \/>\n<meta property=\"og:site_name\" content=\"Impor4mill\" \/>\n<meta property=\"article:publisher\" content=\"https:\/\/www.facebook.com\/Impor4Mill\" \/>\n<meta property=\"article:modified_time\" content=\"2022-10-11T15:30:29+00:00\" \/>\n<meta property=\"og:image\" content=\"https:\/\/www.impor4mill.pt\/wp-content\/uploads\/2022\/02\/air-952.webp\" \/>\n\t<meta property=\"og:image:width\" content=\"800\" \/>\n\t<meta property=\"og:image:height\" content=\"800\" \/>\n\t<meta property=\"og:image:type\" content=\"image\/webp\" \/>\n<meta name=\"twitter:card\" content=\"summary_large_image\" \/>\n<meta name=\"twitter:label1\" content=\"Est. reading time\" \/>\n\t<meta name=\"twitter:data1\" content=\"1 minute\" \/>\n<script type=\"application\/ld+json\" class=\"yoast-schema-graph\">{\"@context\":\"https:\\\/\\\/schema.org\",\"@graph\":[{\"@type\":\"WebPage\",\"@id\":\"https:\\\/\\\/www.impor4mill.pt\\\/produto\\\/air-952\\\/\",\"url\":\"https:\\\/\\\/www.impor4mill.pt\\\/produto\\\/air-952\\\/\",\"name\":\"AIR-952 - Impor4mill\",\"isPartOf\":{\"@id\":\"https:\\\/\\\/www.impor4mill.pt\\\/#website\"},\"primaryImageOfPage\":{\"@id\":\"https:\\\/\\\/www.impor4mill.pt\\\/produto\\\/air-952\\\/#primaryimage\"},\"image\":{\"@id\":\"https:\\\/\\\/www.impor4mill.pt\\\/produto\\\/air-952\\\/#primaryimage\"},\"thumbnailUrl\":\"https:\\\/\\\/www.impor4mill.pt\\\/wp-content\\\/uploads\\\/2022\\\/02\\\/air-952.webp\",\"datePublished\":\"2022-02-02T15:16:39+00:00\",\"dateModified\":\"2022-10-11T15:30:29+00:00\",\"description\":\"Aparelho de accionamento AIR-952. Velocidade aos 90 psi: 70 000 RPM Encabadouro: \u00d83, \u00d81\\\/8, \u00d82.4 mm Dimens\u00f5es: \u00d818x135L Peso: 118g\",\"breadcrumb\":{\"@id\":\"https:\\\/\\\/www.impor4mill.pt\\\/produto\\\/air-952\\\/#breadcrumb\"},\"inLanguage\":\"en-US\",\"potentialAction\":[{\"@type\":\"ReadAction\",\"target\":[\"https:\\\/\\\/www.impor4mill.pt\\\/produto\\\/air-952\\\/\"]}]},{\"@type\":\"ImageObject\",\"inLanguage\":\"en-US\",\"@id\":\"https:\\\/\\\/www.impor4mill.pt\\\/produto\\\/air-952\\\/#primaryimage\",\"url\":\"https:\\\/\\\/www.impor4mill.pt\\\/wp-content\\\/uploads\\\/2022\\\/02\\\/air-952.webp\",\"contentUrl\":\"https:\\\/\\\/www.impor4mill.pt\\\/wp-content\\\/uploads\\\/2022\\\/02\\\/air-952.webp\",\"width\":800,\"height\":800},{\"@type\":\"BreadcrumbList\",\"@id\":\"https:\\\/\\\/www.impor4mill.pt\\\/produto\\\/air-952\\\/#breadcrumb\",\"itemListElement\":[{\"@type\":\"ListItem\",\"position\":1,\"name\":\"Solu\u00e7\u00f5es Industriais\",\"item\":\"https:\\\/\\\/www.impor4mill.pt\\\/\"},{\"@type\":\"ListItem\",\"position\":2,\"name\":\"Produtos\",\"item\":\"https:\\\/\\\/www.impor4mill.pt\\\/shop\\\/\"},{\"@type\":\"ListItem\",\"position\":3,\"name\":\"AIR-952\"}]},{\"@type\":\"WebSite\",\"@id\":\"https:\\\/\\\/www.impor4mill.pt\\\/#website\",\"url\":\"https:\\\/\\\/www.impor4mill.pt\\\/\",\"name\":\"Impor4Mill - Solu\u00e7\u00f5es Industriais\",\"description\":\"Solu\u00e7\u00f5es Industriais\",\"publisher\":{\"@id\":\"https:\\\/\\\/www.impor4mill.pt\\\/#organization\"},\"potentialAction\":[{\"@type\":\"SearchAction\",\"target\":{\"@type\":\"EntryPoint\",\"urlTemplate\":\"https:\\\/\\\/www.impor4mill.pt\\\/?s={search_term_string}\"},\"query-input\":{\"@type\":\"PropertyValueSpecification\",\"valueRequired\":true,\"valueName\":\"search_term_string\"}}],\"inLanguage\":\"en-US\"},{\"@type\":\"Organization\",\"@id\":\"https:\\\/\\\/www.impor4mill.pt\\\/#organization\",\"name\":\"Impor4Mill\",\"alternateName\":\"Impor4mill Solu\u00e7\u00f5es industriais\",\"url\":\"https:\\\/\\\/www.impor4mill.pt\\\/\",\"logo\":{\"@type\":\"ImageObject\",\"inLanguage\":\"en-US\",\"@id\":\"https:\\\/\\\/www.impor4mill.pt\\\/#\\\/schema\\\/logo\\\/image\\\/\",\"url\":\"https:\\\/\\\/www.impor4mill.pt\\\/wp-content\\\/uploads\\\/2021\\\/11\\\/Impor4mill_logo.png\",\"contentUrl\":\"https:\\\/\\\/www.impor4mill.pt\\\/wp-content\\\/uploads\\\/2021\\\/11\\\/Impor4mill_logo.png\",\"width\":886,\"height\":291,\"caption\":\"Impor4Mill\"},\"image\":{\"@id\":\"https:\\\/\\\/www.impor4mill.pt\\\/#\\\/schema\\\/logo\\\/image\\\/\"},\"sameAs\":[\"https:\\\/\\\/www.facebook.com\\\/Impor4Mill\",\"https:\\\/\\\/www.linkedin.com\\\/company\\\/impor4mill-lda\"]}]}<\/script>\n<!-- \/ Yoast SEO plugin. -->","yoast_head_json":{"title":"AIR-952 - Impor4mill","description":"Aparelho de accionamento AIR-952. Velocidade aos 90 psi: 70 000 RPM Encabadouro: \u00d83, \u00d81\/8, \u00d82.4 mm Dimens\u00f5es: \u00d818x135L Peso: 118g","robots":{"index":"index","follow":"follow","max-snippet":"max-snippet:-1","max-image-preview":"max-image-preview:large","max-video-preview":"max-video-preview:-1"},"canonical":"https:\/\/www.impor4mill.pt\/en\/product\/air-952\/","og_locale":"en_US","og_type":"article","og_title":"AIR-952 - Impor4mill","og_description":"Aparelho de accionamento AIR-952. Velocidade aos 90 psi: 70 000 RPM Encabadouro: \u00d83, \u00d81\/8, \u00d82.4 mm Dimens\u00f5es: \u00d818x135L Peso: 118g","og_url":"https:\/\/www.impor4mill.pt\/en\/product\/air-952\/","og_site_name":"Impor4mill","article_publisher":"https:\/\/www.facebook.com\/Impor4Mill","article_modified_time":"2022-10-11T15:30:29+00:00","og_image":[{"width":800,"height":800,"url":"https:\/\/www.impor4mill.pt\/wp-content\/uploads\/2022\/02\/air-952.webp","type":"image\/webp"}],"twitter_card":"summary_large_image","twitter_misc":{"Est. reading time":"1 minute"},"schema":{"@context":"https:\/\/schema.org","@graph":[{"@type":"WebPage","@id":"https:\/\/www.impor4mill.pt\/produto\/air-952\/","url":"https:\/\/www.impor4mill.pt\/produto\/air-952\/","name":"AIR-952 - Impor4mill","isPartOf":{"@id":"https:\/\/www.impor4mill.pt\/#website"},"primaryImageOfPage":{"@id":"https:\/\/www.impor4mill.pt\/produto\/air-952\/#primaryimage"},"image":{"@id":"https:\/\/www.impor4mill.pt\/produto\/air-952\/#primaryimage"},"thumbnailUrl":"https:\/\/www.impor4mill.pt\/wp-content\/uploads\/2022\/02\/air-952.webp","datePublished":"2022-02-02T15:16:39+00:00","dateModified":"2022-10-11T15:30:29+00:00","description":"Aparelho de accionamento AIR-952. Velocidade aos 90 psi: 70 000 RPM Encabadouro: \u00d83, \u00d81\/8, \u00d82.4 mm Dimens\u00f5es: \u00d818x135L Peso: 118g","breadcrumb":{"@id":"https:\/\/www.impor4mill.pt\/produto\/air-952\/#breadcrumb"},"inLanguage":"en-US","potentialAction":[{"@type":"ReadAction","target":["https:\/\/www.impor4mill.pt\/produto\/air-952\/"]}]},{"@type":"ImageObject","inLanguage":"en-US","@id":"https:\/\/www.impor4mill.pt\/produto\/air-952\/#primaryimage","url":"https:\/\/www.impor4mill.pt\/wp-content\/uploads\/2022\/02\/air-952.webp","contentUrl":"https:\/\/www.impor4mill.pt\/wp-content\/uploads\/2022\/02\/air-952.webp","width":800,"height":800},{"@type":"BreadcrumbList","@id":"https:\/\/www.impor4mill.pt\/produto\/air-952\/#breadcrumb","itemListElement":[{"@type":"ListItem","position":1,"name":"Solu\u00e7\u00f5es Industriais","item":"https:\/\/www.impor4mill.pt\/"},{"@type":"ListItem","position":2,"name":"Produtos","item":"https:\/\/www.impor4mill.pt\/shop\/"},{"@type":"ListItem","position":3,"name":"AIR-952"}]},{"@type":"WebSite","@id":"https:\/\/www.impor4mill.pt\/#website","url":"https:\/\/www.impor4mill.pt\/","name":"Impor4Mill - Solu\u00e7\u00f5es Industriais","description":"Solu\u00e7\u00f5es Industriais","publisher":{"@id":"https:\/\/www.impor4mill.pt\/#organization"},"potentialAction":[{"@type":"SearchAction","target":{"@type":"EntryPoint","urlTemplate":"https:\/\/www.impor4mill.pt\/?s={search_term_string}"},"query-input":{"@type":"PropertyValueSpecification","valueRequired":true,"valueName":"search_term_string"}}],"inLanguage":"en-US"},{"@type":"Organization","@id":"https:\/\/www.impor4mill.pt\/#organization","name":"Impor4Mill","alternateName":"Impor4mill Solu\u00e7\u00f5es industriais","url":"https:\/\/www.impor4mill.pt\/","logo":{"@type":"ImageObject","inLanguage":"en-US","@id":"https:\/\/www.impor4mill.pt\/#\/schema\/logo\/image\/","url":"https:\/\/www.impor4mill.pt\/wp-content\/uploads\/2021\/11\/Impor4mill_logo.png","contentUrl":"https:\/\/www.impor4mill.pt\/wp-content\/uploads\/2021\/11\/Impor4mill_logo.png","width":886,"height":291,"caption":"Impor4Mill"},"image":{"@id":"https:\/\/www.impor4mill.pt\/#\/schema\/logo\/image\/"},"sameAs":["https:\/\/www.facebook.com\/Impor4Mill","https:\/\/www.linkedin.com\/company\/impor4mill-lda"]}]}},"_links":{"self":[{"href":"https:\/\/www.impor4mill.pt\/en\/wp-json\/wp\/v2\/product\/2282","targetHints":{"allow":["GET"]}}],"collection":[{"href":"https:\/\/www.impor4mill.pt\/en\/wp-json\/wp\/v2\/product"}],"about":[{"href":"https:\/\/www.impor4mill.pt\/en\/wp-json\/wp\/v2\/types\/product"}],"version-history":[{"count":11,"href":"https:\/\/www.impor4mill.pt\/en\/wp-json\/wp\/v2\/product\/2282\/revisions"}],"predecessor-version":[{"id":9998,"href":"https:\/\/www.impor4mill.pt\/en\/wp-json\/wp\/v2\/product\/2282\/revisions\/9998"}],"wp:featuredmedia":[{"embeddable":true,"href":"https:\/\/www.impor4mill.pt\/en\/wp-json\/wp\/v2\/media\/8324"}],"wp:attachment":[{"href":"https:\/\/www.impor4mill.pt\/en\/wp-json\/wp\/v2\/media?parent=2282"}],"wp:term":[{"taxonomy":"product_brand","embeddable":true,"href":"https:\/\/www.impor4mill.pt\/en\/wp-json\/wp\/v2\/product_brand?post=2282"},{"taxonomy":"product_cat","embeddable":true,"href":"https:\/\/www.impor4mill.pt\/en\/wp-json\/wp\/v2\/product_cat?post=2282"},{"taxonomy":"product_tag","embeddable":true,"href":"https:\/\/www.impor4mill.pt\/en\/wp-json\/wp\/v2\/product_tag?post=2282"}],"curies":[{"name":"wp","href":"https:\/\/api.w.org\/{rel}","templated":true}]}}