{"id":4922,"date":"2022-04-05T16:10:27","date_gmt":"2022-04-05T16:10:27","guid":{"rendered":"https:\/\/www.impor4mill.pt\/?post_type=product&#038;p=4922"},"modified":"2022-08-30T12:19:53","modified_gmt":"2022-08-30T11:19:53","slug":"broca-de-ponto-hss-co5-90o","status":"publish","type":"product","link":"https:\/\/www.impor4mill.pt\/en\/product\/broca-de-ponto-hss-co5-90o\/","title":{"rendered":"HSS-Co5 Center Drill 90\u00ba"},"content":{"rendered":"<p>HSS-Co5 Center Drill 90\u00ba<\/p>\n<p>With 5% cobalt for fast and accurate drilling.<\/p>\n<p>Available in various sizes!<\/p>\n<p>&nbsp;<\/p>","protected":false},"excerpt":{"rendered":"<p>Broca de Ponto HSS-Co5 90\u00ba. Com 5% de cobalto para fura\u00e7\u00f5es r\u00e1pidas e precisas. Dispon\u00edvel em v\u00e1rias dimens\u00f5es! &nbsp;<\/p>","protected":false},"featured_media":8970,"template":"","meta":{"_eb_attr":"","site-sidebar-layout":"default","site-content-layout":"default","ast-site-content-layout":"default","site-content-style":"default","site-sidebar-style":"default","ast-global-header-display":"","ast-banner-title-visibility":"","ast-main-header-display":"","ast-hfb-above-header-display":"","ast-hfb-below-header-display":"","ast-hfb-mobile-header-display":"","site-post-title":"","ast-breadcrumbs-content":"","ast-featured-img":"","footer-sml-layout":"","theme-transparent-header-meta":"default","adv-header-id-meta":"","stick-header-meta":"","header-above-stick-meta":"","header-main-stick-meta":"","header-below-stick-meta":"","astra-migrate-meta-layouts":"default","ast-page-background-enabled":"default","ast-page-background-meta":{"desktop":{"background-color":"","background-image":"","background-repeat":"repeat","background-position":"center center","background-size":"auto","background-attachment":"scroll","background-type":"","background-media":"","overlay-type":"","overlay-color":"","overlay-opacity":"","overlay-gradient":""},"tablet":{"background-color":"","background-image":"","background-repeat":"repeat","background-position":"center center","background-size":"auto","background-attachment":"scroll","background-type":"","background-media":"","overlay-type":"","overlay-color":"","overlay-opacity":"","overlay-gradient":""},"mobile":{"background-color":"","background-image":"","background-repeat":"repeat","background-position":"center center","background-size":"auto","background-attachment":"scroll","background-type":"","background-media":"","overlay-type":"","overlay-color":"","overlay-opacity":"","overlay-gradient":""}},"ast-content-background-meta":{"desktop":{"background-color":"var(--ast-global-color-5)","background-image":"","background-repeat":"repeat","background-position":"center center","background-size":"auto","background-attachment":"scroll","background-type":"","background-media":"","overlay-type":"","overlay-color":"","overlay-opacity":"","overlay-gradient":""},"tablet":{"background-color":"var(--ast-global-color-5)","background-image":"","background-repeat":"repeat","background-position":"center center","background-size":"auto","background-attachment":"scroll","background-type":"","background-media":"","overlay-type":"","overlay-color":"","overlay-opacity":"","overlay-gradient":""},"mobile":{"background-color":"var(--ast-global-color-5)","background-image":"","background-repeat":"repeat","background-position":"center center","background-size":"auto","background-attachment":"scroll","background-type":"","background-media":"","overlay-type":"","overlay-color":"","overlay-opacity":"","overlay-gradient":""}},"_joinchat":[]},"product_brand":[],"product_cat":[59],"product_tag":[],"class_list":{"0":"post-4922","1":"product","2":"type-product","3":"status-publish","4":"has-post-thumbnail","6":"product_cat-brocas-hss","7":"desktop-align-left","8":"tablet-align-left","9":"mobile-align-left","11":"first","12":"instock","13":"shipping-taxable","14":"product-type-variable"},"yoast_head":"<!-- This site is optimized with the Yoast SEO plugin v27.3 - https:\/\/yoast.com\/product\/yoast-seo-wordpress\/ -->\n<title>Broca de Ponto HSS-Co5 90\u00ba - Impor4mill<\/title>\n<meta name=\"description\" content=\"Broca de Ponto HSS-Co5 90\u00ba. Com 5% de cobalto para fura\u00e7\u00f5es r\u00e1pidas e precisas. Dispon\u00edvel em v\u00e1rias dimens\u00f5es!\" \/>\n<meta name=\"robots\" content=\"index, follow, max-snippet:-1, max-image-preview:large, max-video-preview:-1\" \/>\n<link rel=\"canonical\" href=\"https:\/\/www.impor4mill.pt\/en\/product\/broca-de-ponto-hss-co5-90o\/\" \/>\n<meta property=\"og:locale\" content=\"en_US\" \/>\n<meta property=\"og:type\" content=\"article\" \/>\n<meta property=\"og:title\" content=\"Broca de Ponto HSS-Co5 90\u00ba - Impor4mill\" \/>\n<meta property=\"og:description\" content=\"Broca de Ponto HSS-Co5 90\u00ba. Com 5% de cobalto para fura\u00e7\u00f5es r\u00e1pidas e precisas. Dispon\u00edvel em v\u00e1rias dimens\u00f5es!\" \/>\n<meta property=\"og:url\" content=\"https:\/\/www.impor4mill.pt\/en\/product\/broca-de-ponto-hss-co5-90o\/\" \/>\n<meta property=\"og:site_name\" content=\"Impor4mill\" \/>\n<meta property=\"article:publisher\" content=\"https:\/\/www.facebook.com\/Impor4Mill\" \/>\n<meta property=\"article:modified_time\" content=\"2022-08-30T11:19:53+00:00\" \/>\n<meta property=\"og:image\" content=\"https:\/\/www.impor4mill.pt\/wp-content\/uploads\/2022\/08\/Broca-de-Ponto-HSS-Co5-90o.webp\" \/>\n\t<meta property=\"og:image:width\" content=\"800\" \/>\n\t<meta property=\"og:image:height\" content=\"800\" \/>\n\t<meta property=\"og:image:type\" content=\"image\/webp\" \/>\n<meta name=\"twitter:card\" content=\"summary_large_image\" \/>\n<meta name=\"twitter:label1\" content=\"Est. reading time\" \/>\n\t<meta name=\"twitter:data1\" content=\"1 minute\" \/>\n<script type=\"application\/ld+json\" class=\"yoast-schema-graph\">{\"@context\":\"https:\\\/\\\/schema.org\",\"@graph\":[{\"@type\":\"WebPage\",\"@id\":\"https:\\\/\\\/www.impor4mill.pt\\\/produto\\\/broca-de-ponto-hss-co5-90o\\\/\",\"url\":\"https:\\\/\\\/www.impor4mill.pt\\\/produto\\\/broca-de-ponto-hss-co5-90o\\\/\",\"name\":\"Broca de Ponto HSS-Co5 90\u00ba - Impor4mill\",\"isPartOf\":{\"@id\":\"https:\\\/\\\/www.impor4mill.pt\\\/#website\"},\"primaryImageOfPage\":{\"@id\":\"https:\\\/\\\/www.impor4mill.pt\\\/produto\\\/broca-de-ponto-hss-co5-90o\\\/#primaryimage\"},\"image\":{\"@id\":\"https:\\\/\\\/www.impor4mill.pt\\\/produto\\\/broca-de-ponto-hss-co5-90o\\\/#primaryimage\"},\"thumbnailUrl\":\"https:\\\/\\\/www.impor4mill.pt\\\/wp-content\\\/uploads\\\/2022\\\/08\\\/Broca-de-Ponto-HSS-Co5-90o.webp\",\"datePublished\":\"2022-04-05T16:10:27+00:00\",\"dateModified\":\"2022-08-30T11:19:53+00:00\",\"description\":\"Broca de Ponto HSS-Co5 90\u00ba. Com 5% de cobalto para fura\u00e7\u00f5es r\u00e1pidas e precisas. Dispon\u00edvel em v\u00e1rias dimens\u00f5es!\",\"breadcrumb\":{\"@id\":\"https:\\\/\\\/www.impor4mill.pt\\\/produto\\\/broca-de-ponto-hss-co5-90o\\\/#breadcrumb\"},\"inLanguage\":\"en-US\",\"potentialAction\":[{\"@type\":\"ReadAction\",\"target\":[\"https:\\\/\\\/www.impor4mill.pt\\\/produto\\\/broca-de-ponto-hss-co5-90o\\\/\"]}]},{\"@type\":\"ImageObject\",\"inLanguage\":\"en-US\",\"@id\":\"https:\\\/\\\/www.impor4mill.pt\\\/produto\\\/broca-de-ponto-hss-co5-90o\\\/#primaryimage\",\"url\":\"https:\\\/\\\/www.impor4mill.pt\\\/wp-content\\\/uploads\\\/2022\\\/08\\\/Broca-de-Ponto-HSS-Co5-90o.webp\",\"contentUrl\":\"https:\\\/\\\/www.impor4mill.pt\\\/wp-content\\\/uploads\\\/2022\\\/08\\\/Broca-de-Ponto-HSS-Co5-90o.webp\",\"width\":800,\"height\":800},{\"@type\":\"BreadcrumbList\",\"@id\":\"https:\\\/\\\/www.impor4mill.pt\\\/produto\\\/broca-de-ponto-hss-co5-90o\\\/#breadcrumb\",\"itemListElement\":[{\"@type\":\"ListItem\",\"position\":1,\"name\":\"Solu\u00e7\u00f5es Industriais\",\"item\":\"https:\\\/\\\/www.impor4mill.pt\\\/\"},{\"@type\":\"ListItem\",\"position\":2,\"name\":\"Produtos\",\"item\":\"https:\\\/\\\/www.impor4mill.pt\\\/shop\\\/\"},{\"@type\":\"ListItem\",\"position\":3,\"name\":\"Broca de Ponto HSS-Co5 90\u00ba\"}]},{\"@type\":\"WebSite\",\"@id\":\"https:\\\/\\\/www.impor4mill.pt\\\/#website\",\"url\":\"https:\\\/\\\/www.impor4mill.pt\\\/\",\"name\":\"Impor4Mill - Solu\u00e7\u00f5es Industriais\",\"description\":\"Solu\u00e7\u00f5es Industriais\",\"publisher\":{\"@id\":\"https:\\\/\\\/www.impor4mill.pt\\\/#organization\"},\"potentialAction\":[{\"@type\":\"SearchAction\",\"target\":{\"@type\":\"EntryPoint\",\"urlTemplate\":\"https:\\\/\\\/www.impor4mill.pt\\\/?s={search_term_string}\"},\"query-input\":{\"@type\":\"PropertyValueSpecification\",\"valueRequired\":true,\"valueName\":\"search_term_string\"}}],\"inLanguage\":\"en-US\"},{\"@type\":\"Organization\",\"@id\":\"https:\\\/\\\/www.impor4mill.pt\\\/#organization\",\"name\":\"Impor4Mill\",\"alternateName\":\"Impor4mill Solu\u00e7\u00f5es industriais\",\"url\":\"https:\\\/\\\/www.impor4mill.pt\\\/\",\"logo\":{\"@type\":\"ImageObject\",\"inLanguage\":\"en-US\",\"@id\":\"https:\\\/\\\/www.impor4mill.pt\\\/#\\\/schema\\\/logo\\\/image\\\/\",\"url\":\"https:\\\/\\\/www.impor4mill.pt\\\/wp-content\\\/uploads\\\/2021\\\/11\\\/Impor4mill_logo.png\",\"contentUrl\":\"https:\\\/\\\/www.impor4mill.pt\\\/wp-content\\\/uploads\\\/2021\\\/11\\\/Impor4mill_logo.png\",\"width\":886,\"height\":291,\"caption\":\"Impor4Mill\"},\"image\":{\"@id\":\"https:\\\/\\\/www.impor4mill.pt\\\/#\\\/schema\\\/logo\\\/image\\\/\"},\"sameAs\":[\"https:\\\/\\\/www.facebook.com\\\/Impor4Mill\",\"https:\\\/\\\/www.linkedin.com\\\/company\\\/impor4mill-lda\"]}]}<\/script>\n<!-- \/ Yoast SEO plugin. -->","yoast_head_json":{"title":"Broca de Ponto HSS-Co5 90\u00ba - Impor4mill","description":"Broca de Ponto HSS-Co5 90\u00ba. Com 5% de cobalto para fura\u00e7\u00f5es r\u00e1pidas e precisas. Dispon\u00edvel em v\u00e1rias dimens\u00f5es!","robots":{"index":"index","follow":"follow","max-snippet":"max-snippet:-1","max-image-preview":"max-image-preview:large","max-video-preview":"max-video-preview:-1"},"canonical":"https:\/\/www.impor4mill.pt\/en\/product\/broca-de-ponto-hss-co5-90o\/","og_locale":"en_US","og_type":"article","og_title":"Broca de Ponto HSS-Co5 90\u00ba - Impor4mill","og_description":"Broca de Ponto HSS-Co5 90\u00ba. Com 5% de cobalto para fura\u00e7\u00f5es r\u00e1pidas e precisas. Dispon\u00edvel em v\u00e1rias dimens\u00f5es!","og_url":"https:\/\/www.impor4mill.pt\/en\/product\/broca-de-ponto-hss-co5-90o\/","og_site_name":"Impor4mill","article_publisher":"https:\/\/www.facebook.com\/Impor4Mill","article_modified_time":"2022-08-30T11:19:53+00:00","og_image":[{"width":800,"height":800,"url":"https:\/\/www.impor4mill.pt\/wp-content\/uploads\/2022\/08\/Broca-de-Ponto-HSS-Co5-90o.webp","type":"image\/webp"}],"twitter_card":"summary_large_image","twitter_misc":{"Est. reading time":"1 minute"},"schema":{"@context":"https:\/\/schema.org","@graph":[{"@type":"WebPage","@id":"https:\/\/www.impor4mill.pt\/produto\/broca-de-ponto-hss-co5-90o\/","url":"https:\/\/www.impor4mill.pt\/produto\/broca-de-ponto-hss-co5-90o\/","name":"Broca de Ponto HSS-Co5 90\u00ba - Impor4mill","isPartOf":{"@id":"https:\/\/www.impor4mill.pt\/#website"},"primaryImageOfPage":{"@id":"https:\/\/www.impor4mill.pt\/produto\/broca-de-ponto-hss-co5-90o\/#primaryimage"},"image":{"@id":"https:\/\/www.impor4mill.pt\/produto\/broca-de-ponto-hss-co5-90o\/#primaryimage"},"thumbnailUrl":"https:\/\/www.impor4mill.pt\/wp-content\/uploads\/2022\/08\/Broca-de-Ponto-HSS-Co5-90o.webp","datePublished":"2022-04-05T16:10:27+00:00","dateModified":"2022-08-30T11:19:53+00:00","description":"Broca de Ponto HSS-Co5 90\u00ba. Com 5% de cobalto para fura\u00e7\u00f5es r\u00e1pidas e precisas. Dispon\u00edvel em v\u00e1rias dimens\u00f5es!","breadcrumb":{"@id":"https:\/\/www.impor4mill.pt\/produto\/broca-de-ponto-hss-co5-90o\/#breadcrumb"},"inLanguage":"en-US","potentialAction":[{"@type":"ReadAction","target":["https:\/\/www.impor4mill.pt\/produto\/broca-de-ponto-hss-co5-90o\/"]}]},{"@type":"ImageObject","inLanguage":"en-US","@id":"https:\/\/www.impor4mill.pt\/produto\/broca-de-ponto-hss-co5-90o\/#primaryimage","url":"https:\/\/www.impor4mill.pt\/wp-content\/uploads\/2022\/08\/Broca-de-Ponto-HSS-Co5-90o.webp","contentUrl":"https:\/\/www.impor4mill.pt\/wp-content\/uploads\/2022\/08\/Broca-de-Ponto-HSS-Co5-90o.webp","width":800,"height":800},{"@type":"BreadcrumbList","@id":"https:\/\/www.impor4mill.pt\/produto\/broca-de-ponto-hss-co5-90o\/#breadcrumb","itemListElement":[{"@type":"ListItem","position":1,"name":"Solu\u00e7\u00f5es Industriais","item":"https:\/\/www.impor4mill.pt\/"},{"@type":"ListItem","position":2,"name":"Produtos","item":"https:\/\/www.impor4mill.pt\/shop\/"},{"@type":"ListItem","position":3,"name":"Broca de Ponto HSS-Co5 90\u00ba"}]},{"@type":"WebSite","@id":"https:\/\/www.impor4mill.pt\/#website","url":"https:\/\/www.impor4mill.pt\/","name":"Impor4Mill - Solu\u00e7\u00f5es Industriais","description":"Solu\u00e7\u00f5es Industriais","publisher":{"@id":"https:\/\/www.impor4mill.pt\/#organization"},"potentialAction":[{"@type":"SearchAction","target":{"@type":"EntryPoint","urlTemplate":"https:\/\/www.impor4mill.pt\/?s={search_term_string}"},"query-input":{"@type":"PropertyValueSpecification","valueRequired":true,"valueName":"search_term_string"}}],"inLanguage":"en-US"},{"@type":"Organization","@id":"https:\/\/www.impor4mill.pt\/#organization","name":"Impor4Mill","alternateName":"Impor4mill Solu\u00e7\u00f5es industriais","url":"https:\/\/www.impor4mill.pt\/","logo":{"@type":"ImageObject","inLanguage":"en-US","@id":"https:\/\/www.impor4mill.pt\/#\/schema\/logo\/image\/","url":"https:\/\/www.impor4mill.pt\/wp-content\/uploads\/2021\/11\/Impor4mill_logo.png","contentUrl":"https:\/\/www.impor4mill.pt\/wp-content\/uploads\/2021\/11\/Impor4mill_logo.png","width":886,"height":291,"caption":"Impor4Mill"},"image":{"@id":"https:\/\/www.impor4mill.pt\/#\/schema\/logo\/image\/"},"sameAs":["https:\/\/www.facebook.com\/Impor4Mill","https:\/\/www.linkedin.com\/company\/impor4mill-lda"]}]}},"_links":{"self":[{"href":"https:\/\/www.impor4mill.pt\/en\/wp-json\/wp\/v2\/product\/4922","targetHints":{"allow":["GET"]}}],"collection":[{"href":"https:\/\/www.impor4mill.pt\/en\/wp-json\/wp\/v2\/product"}],"about":[{"href":"https:\/\/www.impor4mill.pt\/en\/wp-json\/wp\/v2\/types\/product"}],"version-history":[{"count":2,"href":"https:\/\/www.impor4mill.pt\/en\/wp-json\/wp\/v2\/product\/4922\/revisions"}],"predecessor-version":[{"id":8973,"href":"https:\/\/www.impor4mill.pt\/en\/wp-json\/wp\/v2\/product\/4922\/revisions\/8973"}],"wp:featuredmedia":[{"embeddable":true,"href":"https:\/\/www.impor4mill.pt\/en\/wp-json\/wp\/v2\/media\/8970"}],"wp:attachment":[{"href":"https:\/\/www.impor4mill.pt\/en\/wp-json\/wp\/v2\/media?parent=4922"}],"wp:term":[{"taxonomy":"product_brand","embeddable":true,"href":"https:\/\/www.impor4mill.pt\/en\/wp-json\/wp\/v2\/product_brand?post=4922"},{"taxonomy":"product_cat","embeddable":true,"href":"https:\/\/www.impor4mill.pt\/en\/wp-json\/wp\/v2\/product_cat?post=4922"},{"taxonomy":"product_tag","embeddable":true,"href":"https:\/\/www.impor4mill.pt\/en\/wp-json\/wp\/v2\/product_tag?post=4922"}],"curies":[{"name":"wp","href":"https:\/\/api.w.org\/{rel}","templated":true}]}}