{"id":6863,"date":"2022-05-05T17:35:21","date_gmt":"2022-05-05T17:35:21","guid":{"rendered":"https:\/\/www.impor4mill.pt\/?post_type=product&#038;p=6863"},"modified":"2022-09-14T16:57:20","modified_gmt":"2022-09-14T15:57:20","slug":"roca-ferro-para-fresagem-de-alto-avanco-3","status":"publish","type":"product","link":"https:\/\/www.impor4mill.pt\/en\/product\/roca-ferro-para-fresagem-de-alto-avanco-3\/","title":{"rendered":"Tool holder for high feed milling"},"content":{"rendered":"<p>Tool holder for high feed milling<\/p>\n<p>Available in various sizes!<\/p>","protected":false},"excerpt":{"rendered":"<p>Roca\/ferro para fresagem de alto avan\u00e7o. Dispon\u00edvel em v\u00e1rias dimens\u00f5es!<\/p>","protected":false},"featured_media":9601,"template":"","meta":{"_eb_attr":"","site-sidebar-layout":"default","site-content-layout":"default","ast-site-content-layout":"default","site-content-style":"default","site-sidebar-style":"default","ast-global-header-display":"","ast-banner-title-visibility":"","ast-main-header-display":"","ast-hfb-above-header-display":"","ast-hfb-below-header-display":"","ast-hfb-mobile-header-display":"","site-post-title":"","ast-breadcrumbs-content":"","ast-featured-img":"","footer-sml-layout":"","theme-transparent-header-meta":"default","adv-header-id-meta":"","stick-header-meta":"","header-above-stick-meta":"","header-main-stick-meta":"","header-below-stick-meta":"","astra-migrate-meta-layouts":"default","ast-page-background-enabled":"default","ast-page-background-meta":{"desktop":{"background-color":"","background-image":"","background-repeat":"repeat","background-position":"center center","background-size":"auto","background-attachment":"scroll","background-type":"","background-media":"","overlay-type":"","overlay-color":"","overlay-opacity":"","overlay-gradient":""},"tablet":{"background-color":"","background-image":"","background-repeat":"repeat","background-position":"center center","background-size":"auto","background-attachment":"scroll","background-type":"","background-media":"","overlay-type":"","overlay-color":"","overlay-opacity":"","overlay-gradient":""},"mobile":{"background-color":"","background-image":"","background-repeat":"repeat","background-position":"center center","background-size":"auto","background-attachment":"scroll","background-type":"","background-media":"","overlay-type":"","overlay-color":"","overlay-opacity":"","overlay-gradient":""}},"ast-content-background-meta":{"desktop":{"background-color":"var(--ast-global-color-5)","background-image":"","background-repeat":"repeat","background-position":"center center","background-size":"auto","background-attachment":"scroll","background-type":"","background-media":"","overlay-type":"","overlay-color":"","overlay-opacity":"","overlay-gradient":""},"tablet":{"background-color":"var(--ast-global-color-5)","background-image":"","background-repeat":"repeat","background-position":"center center","background-size":"auto","background-attachment":"scroll","background-type":"","background-media":"","overlay-type":"","overlay-color":"","overlay-opacity":"","overlay-gradient":""},"mobile":{"background-color":"var(--ast-global-color-5)","background-image":"","background-repeat":"repeat","background-position":"center center","background-size":"auto","background-attachment":"scroll","background-type":"","background-media":"","overlay-type":"","overlay-color":"","overlay-opacity":"","overlay-gradient":""}},"_joinchat":[]},"product_brand":[],"product_cat":[66],"product_tag":[],"class_list":{"0":"post-6863","1":"product","2":"type-product","3":"status-publish","4":"has-post-thumbnail","6":"product_cat-rocas-ferros","7":"desktop-align-left","8":"tablet-align-left","9":"mobile-align-left","11":"first","12":"instock","13":"shipping-taxable","14":"product-type-variable"},"yoast_head":"<!-- This site is optimized with the Yoast SEO plugin v27.3 - https:\/\/yoast.com\/product\/yoast-seo-wordpress\/ -->\n<title>Roca\/ferro para fresagem de alto avan\u00e7o - Impor4mill<\/title>\n<meta name=\"description\" content=\"Roca\/ferro para fresagem de alto avan\u00e7o. Dispon\u00edvel em v\u00e1rias dimens\u00f5es!\" \/>\n<meta name=\"robots\" content=\"index, follow, max-snippet:-1, max-image-preview:large, max-video-preview:-1\" \/>\n<link rel=\"canonical\" href=\"https:\/\/www.impor4mill.pt\/en\/product\/roca-ferro-para-fresagem-de-alto-avanco-3\/\" \/>\n<meta property=\"og:locale\" content=\"en_US\" \/>\n<meta property=\"og:type\" content=\"article\" \/>\n<meta property=\"og:title\" content=\"Roca\/ferro para fresagem de alto avan\u00e7o - Impor4mill\" \/>\n<meta property=\"og:description\" content=\"Roca\/ferro para fresagem de alto avan\u00e7o. Dispon\u00edvel em v\u00e1rias dimens\u00f5es!\" \/>\n<meta property=\"og:url\" content=\"https:\/\/www.impor4mill.pt\/en\/product\/roca-ferro-para-fresagem-de-alto-avanco-3\/\" \/>\n<meta property=\"og:site_name\" content=\"Impor4mill\" \/>\n<meta property=\"article:publisher\" content=\"https:\/\/www.facebook.com\/Impor4Mill\" \/>\n<meta property=\"article:modified_time\" content=\"2022-09-14T15:57:20+00:00\" \/>\n<meta property=\"og:image\" content=\"https:\/\/www.impor4mill.pt\/wp-content\/uploads\/2022\/09\/Roca_ferro-para-fresagem-de-alto-avanco.webp\" \/>\n\t<meta property=\"og:image:width\" content=\"800\" \/>\n\t<meta property=\"og:image:height\" content=\"800\" \/>\n\t<meta property=\"og:image:type\" content=\"image\/webp\" \/>\n<meta name=\"twitter:card\" content=\"summary_large_image\" \/>\n<meta name=\"twitter:label1\" content=\"Est. reading time\" \/>\n\t<meta name=\"twitter:data1\" content=\"1 minute\" \/>\n<script type=\"application\/ld+json\" class=\"yoast-schema-graph\">{\"@context\":\"https:\\\/\\\/schema.org\",\"@graph\":[{\"@type\":\"WebPage\",\"@id\":\"https:\\\/\\\/www.impor4mill.pt\\\/produto\\\/roca-ferro-para-fresagem-de-alto-avanco-3\\\/\",\"url\":\"https:\\\/\\\/www.impor4mill.pt\\\/produto\\\/roca-ferro-para-fresagem-de-alto-avanco-3\\\/\",\"name\":\"Roca\\\/ferro para fresagem de alto avan\u00e7o - Impor4mill\",\"isPartOf\":{\"@id\":\"https:\\\/\\\/www.impor4mill.pt\\\/#website\"},\"primaryImageOfPage\":{\"@id\":\"https:\\\/\\\/www.impor4mill.pt\\\/produto\\\/roca-ferro-para-fresagem-de-alto-avanco-3\\\/#primaryimage\"},\"image\":{\"@id\":\"https:\\\/\\\/www.impor4mill.pt\\\/produto\\\/roca-ferro-para-fresagem-de-alto-avanco-3\\\/#primaryimage\"},\"thumbnailUrl\":\"https:\\\/\\\/www.impor4mill.pt\\\/wp-content\\\/uploads\\\/2022\\\/09\\\/Roca_ferro-para-fresagem-de-alto-avanco.webp\",\"datePublished\":\"2022-05-05T17:35:21+00:00\",\"dateModified\":\"2022-09-14T15:57:20+00:00\",\"description\":\"Roca\\\/ferro para fresagem de alto avan\u00e7o. Dispon\u00edvel em v\u00e1rias dimens\u00f5es!\",\"breadcrumb\":{\"@id\":\"https:\\\/\\\/www.impor4mill.pt\\\/produto\\\/roca-ferro-para-fresagem-de-alto-avanco-3\\\/#breadcrumb\"},\"inLanguage\":\"en-US\",\"potentialAction\":[{\"@type\":\"ReadAction\",\"target\":[\"https:\\\/\\\/www.impor4mill.pt\\\/produto\\\/roca-ferro-para-fresagem-de-alto-avanco-3\\\/\"]}]},{\"@type\":\"ImageObject\",\"inLanguage\":\"en-US\",\"@id\":\"https:\\\/\\\/www.impor4mill.pt\\\/produto\\\/roca-ferro-para-fresagem-de-alto-avanco-3\\\/#primaryimage\",\"url\":\"https:\\\/\\\/www.impor4mill.pt\\\/wp-content\\\/uploads\\\/2022\\\/09\\\/Roca_ferro-para-fresagem-de-alto-avanco.webp\",\"contentUrl\":\"https:\\\/\\\/www.impor4mill.pt\\\/wp-content\\\/uploads\\\/2022\\\/09\\\/Roca_ferro-para-fresagem-de-alto-avanco.webp\",\"width\":800,\"height\":800},{\"@type\":\"BreadcrumbList\",\"@id\":\"https:\\\/\\\/www.impor4mill.pt\\\/produto\\\/roca-ferro-para-fresagem-de-alto-avanco-3\\\/#breadcrumb\",\"itemListElement\":[{\"@type\":\"ListItem\",\"position\":1,\"name\":\"Solu\u00e7\u00f5es Industriais\",\"item\":\"https:\\\/\\\/www.impor4mill.pt\\\/\"},{\"@type\":\"ListItem\",\"position\":2,\"name\":\"Produtos\",\"item\":\"https:\\\/\\\/www.impor4mill.pt\\\/shop\\\/\"},{\"@type\":\"ListItem\",\"position\":3,\"name\":\"Roca\\\/ferro para fresagem de alto avan\u00e7o\"}]},{\"@type\":\"WebSite\",\"@id\":\"https:\\\/\\\/www.impor4mill.pt\\\/#website\",\"url\":\"https:\\\/\\\/www.impor4mill.pt\\\/\",\"name\":\"Impor4Mill - Solu\u00e7\u00f5es Industriais\",\"description\":\"Solu\u00e7\u00f5es Industriais\",\"publisher\":{\"@id\":\"https:\\\/\\\/www.impor4mill.pt\\\/#organization\"},\"potentialAction\":[{\"@type\":\"SearchAction\",\"target\":{\"@type\":\"EntryPoint\",\"urlTemplate\":\"https:\\\/\\\/www.impor4mill.pt\\\/?s={search_term_string}\"},\"query-input\":{\"@type\":\"PropertyValueSpecification\",\"valueRequired\":true,\"valueName\":\"search_term_string\"}}],\"inLanguage\":\"en-US\"},{\"@type\":\"Organization\",\"@id\":\"https:\\\/\\\/www.impor4mill.pt\\\/#organization\",\"name\":\"Impor4Mill\",\"alternateName\":\"Impor4mill Solu\u00e7\u00f5es industriais\",\"url\":\"https:\\\/\\\/www.impor4mill.pt\\\/\",\"logo\":{\"@type\":\"ImageObject\",\"inLanguage\":\"en-US\",\"@id\":\"https:\\\/\\\/www.impor4mill.pt\\\/#\\\/schema\\\/logo\\\/image\\\/\",\"url\":\"https:\\\/\\\/www.impor4mill.pt\\\/wp-content\\\/uploads\\\/2021\\\/11\\\/Impor4mill_logo.png\",\"contentUrl\":\"https:\\\/\\\/www.impor4mill.pt\\\/wp-content\\\/uploads\\\/2021\\\/11\\\/Impor4mill_logo.png\",\"width\":886,\"height\":291,\"caption\":\"Impor4Mill\"},\"image\":{\"@id\":\"https:\\\/\\\/www.impor4mill.pt\\\/#\\\/schema\\\/logo\\\/image\\\/\"},\"sameAs\":[\"https:\\\/\\\/www.facebook.com\\\/Impor4Mill\",\"https:\\\/\\\/www.linkedin.com\\\/company\\\/impor4mill-lda\"]}]}<\/script>\n<!-- \/ Yoast SEO plugin. -->","yoast_head_json":{"title":"Roca\/ferro para fresagem de alto avan\u00e7o - Impor4mill","description":"Roca\/ferro para fresagem de alto avan\u00e7o. Dispon\u00edvel em v\u00e1rias dimens\u00f5es!","robots":{"index":"index","follow":"follow","max-snippet":"max-snippet:-1","max-image-preview":"max-image-preview:large","max-video-preview":"max-video-preview:-1"},"canonical":"https:\/\/www.impor4mill.pt\/en\/product\/roca-ferro-para-fresagem-de-alto-avanco-3\/","og_locale":"en_US","og_type":"article","og_title":"Roca\/ferro para fresagem de alto avan\u00e7o - Impor4mill","og_description":"Roca\/ferro para fresagem de alto avan\u00e7o. Dispon\u00edvel em v\u00e1rias dimens\u00f5es!","og_url":"https:\/\/www.impor4mill.pt\/en\/product\/roca-ferro-para-fresagem-de-alto-avanco-3\/","og_site_name":"Impor4mill","article_publisher":"https:\/\/www.facebook.com\/Impor4Mill","article_modified_time":"2022-09-14T15:57:20+00:00","og_image":[{"width":800,"height":800,"url":"https:\/\/www.impor4mill.pt\/wp-content\/uploads\/2022\/09\/Roca_ferro-para-fresagem-de-alto-avanco.webp","type":"image\/webp"}],"twitter_card":"summary_large_image","twitter_misc":{"Est. reading time":"1 minute"},"schema":{"@context":"https:\/\/schema.org","@graph":[{"@type":"WebPage","@id":"https:\/\/www.impor4mill.pt\/produto\/roca-ferro-para-fresagem-de-alto-avanco-3\/","url":"https:\/\/www.impor4mill.pt\/produto\/roca-ferro-para-fresagem-de-alto-avanco-3\/","name":"Roca\/ferro para fresagem de alto avan\u00e7o - Impor4mill","isPartOf":{"@id":"https:\/\/www.impor4mill.pt\/#website"},"primaryImageOfPage":{"@id":"https:\/\/www.impor4mill.pt\/produto\/roca-ferro-para-fresagem-de-alto-avanco-3\/#primaryimage"},"image":{"@id":"https:\/\/www.impor4mill.pt\/produto\/roca-ferro-para-fresagem-de-alto-avanco-3\/#primaryimage"},"thumbnailUrl":"https:\/\/www.impor4mill.pt\/wp-content\/uploads\/2022\/09\/Roca_ferro-para-fresagem-de-alto-avanco.webp","datePublished":"2022-05-05T17:35:21+00:00","dateModified":"2022-09-14T15:57:20+00:00","description":"Roca\/ferro para fresagem de alto avan\u00e7o. Dispon\u00edvel em v\u00e1rias dimens\u00f5es!","breadcrumb":{"@id":"https:\/\/www.impor4mill.pt\/produto\/roca-ferro-para-fresagem-de-alto-avanco-3\/#breadcrumb"},"inLanguage":"en-US","potentialAction":[{"@type":"ReadAction","target":["https:\/\/www.impor4mill.pt\/produto\/roca-ferro-para-fresagem-de-alto-avanco-3\/"]}]},{"@type":"ImageObject","inLanguage":"en-US","@id":"https:\/\/www.impor4mill.pt\/produto\/roca-ferro-para-fresagem-de-alto-avanco-3\/#primaryimage","url":"https:\/\/www.impor4mill.pt\/wp-content\/uploads\/2022\/09\/Roca_ferro-para-fresagem-de-alto-avanco.webp","contentUrl":"https:\/\/www.impor4mill.pt\/wp-content\/uploads\/2022\/09\/Roca_ferro-para-fresagem-de-alto-avanco.webp","width":800,"height":800},{"@type":"BreadcrumbList","@id":"https:\/\/www.impor4mill.pt\/produto\/roca-ferro-para-fresagem-de-alto-avanco-3\/#breadcrumb","itemListElement":[{"@type":"ListItem","position":1,"name":"Solu\u00e7\u00f5es Industriais","item":"https:\/\/www.impor4mill.pt\/"},{"@type":"ListItem","position":2,"name":"Produtos","item":"https:\/\/www.impor4mill.pt\/shop\/"},{"@type":"ListItem","position":3,"name":"Roca\/ferro para fresagem de alto avan\u00e7o"}]},{"@type":"WebSite","@id":"https:\/\/www.impor4mill.pt\/#website","url":"https:\/\/www.impor4mill.pt\/","name":"Impor4Mill - Solu\u00e7\u00f5es Industriais","description":"Solu\u00e7\u00f5es Industriais","publisher":{"@id":"https:\/\/www.impor4mill.pt\/#organization"},"potentialAction":[{"@type":"SearchAction","target":{"@type":"EntryPoint","urlTemplate":"https:\/\/www.impor4mill.pt\/?s={search_term_string}"},"query-input":{"@type":"PropertyValueSpecification","valueRequired":true,"valueName":"search_term_string"}}],"inLanguage":"en-US"},{"@type":"Organization","@id":"https:\/\/www.impor4mill.pt\/#organization","name":"Impor4Mill","alternateName":"Impor4mill Solu\u00e7\u00f5es industriais","url":"https:\/\/www.impor4mill.pt\/","logo":{"@type":"ImageObject","inLanguage":"en-US","@id":"https:\/\/www.impor4mill.pt\/#\/schema\/logo\/image\/","url":"https:\/\/www.impor4mill.pt\/wp-content\/uploads\/2021\/11\/Impor4mill_logo.png","contentUrl":"https:\/\/www.impor4mill.pt\/wp-content\/uploads\/2021\/11\/Impor4mill_logo.png","width":886,"height":291,"caption":"Impor4Mill"},"image":{"@id":"https:\/\/www.impor4mill.pt\/#\/schema\/logo\/image\/"},"sameAs":["https:\/\/www.facebook.com\/Impor4Mill","https:\/\/www.linkedin.com\/company\/impor4mill-lda"]}]}},"_links":{"self":[{"href":"https:\/\/www.impor4mill.pt\/en\/wp-json\/wp\/v2\/product\/6863","targetHints":{"allow":["GET"]}}],"collection":[{"href":"https:\/\/www.impor4mill.pt\/en\/wp-json\/wp\/v2\/product"}],"about":[{"href":"https:\/\/www.impor4mill.pt\/en\/wp-json\/wp\/v2\/types\/product"}],"version-history":[{"count":1,"href":"https:\/\/www.impor4mill.pt\/en\/wp-json\/wp\/v2\/product\/6863\/revisions"}],"predecessor-version":[{"id":9087,"href":"https:\/\/www.impor4mill.pt\/en\/wp-json\/wp\/v2\/product\/6863\/revisions\/9087"}],"wp:featuredmedia":[{"embeddable":true,"href":"https:\/\/www.impor4mill.pt\/en\/wp-json\/wp\/v2\/media\/9601"}],"wp:attachment":[{"href":"https:\/\/www.impor4mill.pt\/en\/wp-json\/wp\/v2\/media?parent=6863"}],"wp:term":[{"taxonomy":"product_brand","embeddable":true,"href":"https:\/\/www.impor4mill.pt\/en\/wp-json\/wp\/v2\/product_brand?post=6863"},{"taxonomy":"product_cat","embeddable":true,"href":"https:\/\/www.impor4mill.pt\/en\/wp-json\/wp\/v2\/product_cat?post=6863"},{"taxonomy":"product_tag","embeddable":true,"href":"https:\/\/www.impor4mill.pt\/en\/wp-json\/wp\/v2\/product_tag?post=6863"}],"curies":[{"name":"wp","href":"https:\/\/api.w.org\/{rel}","templated":true}]}}